{"id":545,"date":"2019-08-05T11:27:35","date_gmt":"2019-08-05T10:27:35","guid":{"rendered":"https:\/\/misswabor.com\/?post_type=product&#038;p=545"},"modified":"2024-07-14T20:53:22","modified_gmt":"2024-07-14T19:53:22","slug":"mannequin-de-vitrine-2","status":"publish","type":"product","link":"https:\/\/misswabor.com\/?product=mannequin-de-vitrine-2","title":{"rendered":"Mannequin de vitrine personnalis\u00e9 en couleur ou tissu sur commande"},"content":{"rendered":"<table width=\"705\">\n<tbody>\n<tr>\n<td colspan=\"7\" width=\"705\">Mannequin de vitrine<\/td>\n<\/tr>\n<tr>\n<td rowspan=\"2\" width=\"218\">Tableau des mesures<\/td>\n<td colspan=\"3\" width=\"243\"><\/td>\n<td colspan=\"3\" width=\"244\"><\/td>\n<\/tr>\n<tr>\n<td width=\"81\">S \/36<\/td>\n<td width=\"81\">M\/38<\/td>\n<td width=\"82\">L\/40<\/td>\n<td width=\"81\">XL\/42<\/td>\n<td width=\"81\">XXL\/44<\/td>\n<td width=\"82\">XXX\/46<\/td>\n<\/tr>\n<tr>\n<td width=\"218\">Tour de poitrine<\/td>\n<td width=\"81\">83<\/td>\n<td width=\"81\">88<\/td>\n<td width=\"82\">92<\/td>\n<td width=\"81\">96<\/td>\n<td width=\"81\">100\/102<\/td>\n<td width=\"82\">106\/108<\/td>\n<\/tr>\n<tr>\n<td width=\"218\">Tour de taille<\/td>\n<td width=\"81\">66<\/td>\n<td width=\"81\">71<\/td>\n<td width=\"82\">75<\/td>\n<td width=\"81\">78<\/td>\n<td width=\"81\">82\/86<\/td>\n<td width=\"82\">86\/88<\/td>\n<\/tr>\n<tr>\n<td width=\"218\">Tour du bassin<\/td>\n<td width=\"81\">90<\/td>\n<td width=\"81\">96<\/td>\n<td width=\"82\">100<\/td>\n<td width=\"81\">105<\/td>\n<td width=\"81\">110<\/td>\n<td width=\"82\">115<\/td>\n<\/tr>\n<\/tbody>\n<\/table>\n","protected":false},"excerpt":{"rendered":"<p><strong>Mannequin Miss wabor de vitrine au design \u00e9pur\u00e9 et \u00e0 la silhouette actuelle. Inspir\u00e9e des courbes f\u00e9minines, sa forme sir\u00e8ne conforme aux normes AFNOR met en valeur vos v\u00eatements avec \u00e9l\u00e9gance et raffinement. Dot\u00e9 d\u2019un support inox ajustable en hauteur, son pied sculpt\u00e9 en h\u00eatre lui conf\u00e8re une stabilit\u00e9 exceptionnelle, tandis que son rev\u00eatement en toile de jute en couleur. Fabriqu\u00e9 en fibre de verre, robuste et durable qui vous accompagnera pendant de nombreuses ann\u00e9es.<\/strong><\/p>\n","protected":false},"featured_media":626,"comment_status":"closed","ping_status":"closed","template":"","meta":[],"product_cat":[83,84],"product_tag":[],"_links":{"self":[{"href":"https:\/\/misswabor.com\/index.php?rest_route=\/wp\/v2\/product\/545"}],"collection":[{"href":"https:\/\/misswabor.com\/index.php?rest_route=\/wp\/v2\/product"}],"about":[{"href":"https:\/\/misswabor.com\/index.php?rest_route=\/wp\/v2\/types\/product"}],"replies":[{"embeddable":true,"href":"https:\/\/misswabor.com\/index.php?rest_route=%2Fwp%2Fv2%2Fcomments&post=545"}],"wp:featuredmedia":[{"embeddable":true,"href":"https:\/\/misswabor.com\/index.php?rest_route=\/wp\/v2\/media\/626"}],"wp:attachment":[{"href":"https:\/\/misswabor.com\/index.php?rest_route=%2Fwp%2Fv2%2Fmedia&parent=545"}],"wp:term":[{"taxonomy":"product_cat","embeddable":true,"href":"https:\/\/misswabor.com\/index.php?rest_route=%2Fwp%2Fv2%2Fproduct_cat&post=545"},{"taxonomy":"product_tag","embeddable":true,"href":"https:\/\/misswabor.com\/index.php?rest_route=%2Fwp%2Fv2%2Fproduct_tag&post=545"}],"curies":[{"name":"wp","href":"https:\/\/api.w.org\/{rel}","templated":true}]}}