{"id":523,"date":"2019-08-01T15:36:29","date_gmt":"2019-08-01T14:36:29","guid":{"rendered":"https:\/\/misswabor.com\/?post_type=product&#038;p=523"},"modified":"2024-07-12T10:44:06","modified_gmt":"2024-07-12T09:44:06","slug":"enfant-garcon-1","status":"publish","type":"product","link":"https:\/\/misswabor.com\/?product=enfant-garcon-1","title":{"rendered":"Mannequin enfant \u00a0gar\u00e7on ou fille taille aux choix sur commande"},"content":{"rendered":"<table style=\"height: 192px;\" width=\"832\">\n<tbody>\n<tr>\n<td colspan=\"9\" width=\"99%\"><strong>Enfant \u00a0<\/strong><strong>gar\u00e7on ou fillette<\/strong><\/td>\n<\/tr>\n<tr>\n<td width=\"24%\"><strong>Stature en\u00a0<\/strong><b>centim\u00e8tre<\/b><\/td>\n<td width=\"7%\"><strong>86<\/strong><\/td>\n<td width=\"6%\"><strong>102<\/strong><\/td>\n<td width=\"6%\"><strong>114<\/strong><\/td>\n<td width=\"7%\"><strong>126<\/strong><\/td>\n<td width=\"8%\"><strong>138<\/strong><\/td>\n<td width=\"7%\"><strong>150<\/strong><\/td>\n<td width=\"7%\"><strong>162<\/strong><\/td>\n<td width=\"20%\"><strong>174<\/strong><\/td>\n<\/tr>\n<tr>\n<td width=\"24%\"><strong>\u00c2GE\u00a0<\/strong><\/td>\n<td width=\"7%\"><strong>2 ans<\/strong><\/td>\n<td width=\"6%\"><strong>4 ans<\/strong><\/td>\n<td width=\"6%\"><strong>6 ans<\/strong><\/td>\n<td width=\"7%\"><strong>8 ans<\/strong><\/td>\n<td width=\"8%\"><strong>10 ans<\/strong><\/td>\n<td width=\"7%\"><strong>12 ans<\/strong><\/td>\n<td width=\"7%\"><strong>14 ans<\/strong><\/td>\n<td width=\"20%\"><strong>16 ans<\/strong><\/td>\n<\/tr>\n<tr>\n<td width=\"24%\"><strong>Tour de poitrine<\/strong><\/td>\n<td width=\"7%\"><strong>52<\/strong><\/td>\n<td width=\"6%\"><strong>56<\/strong><\/td>\n<td width=\"6%\"><strong>60<\/strong><\/td>\n<td width=\"7%\"><strong>64<\/strong><\/td>\n<td width=\"8%\"><strong>68<\/strong><\/td>\n<td width=\"7%\"><strong>75<\/strong><\/td>\n<td width=\"7%\"><strong>82<\/strong><\/td>\n<td width=\"20%\"><strong>89<\/strong><\/td>\n<\/tr>\n<tr>\n<td width=\"24%\"><strong>Longueur de manche<\/strong><\/td>\n<td width=\"7%\"><strong>29<\/strong><\/td>\n<td width=\"6%\"><strong>33<\/strong><\/td>\n<td width=\"6%\"><strong>38<\/strong><\/td>\n<td width=\"7%\"><strong>43<\/strong><\/td>\n<td width=\"8%\"><strong>48<\/strong><\/td>\n<td width=\"7%\"><strong>52<\/strong><\/td>\n<td width=\"7%\"><strong>56<\/strong><\/td>\n<td width=\"20%\"><strong>60<\/strong><\/td>\n<\/tr>\n<\/tbody>\n<\/table>\n","protected":false},"excerpt":{"rendered":"<ul>\n<li>Miss Wabor mannequin professionnel a \u00a0morphologie actuelle est disponible en plusieurs tailles pour r\u00e9pondre \u00e0 vos besoins sp\u00e9cifiques. Rev\u00eatement en mousse et toile adapt\u00e9 au travail de moulage avec des \u00e9pingles, permettant de cr\u00e9er des mod\u00e8les en\u00a0 \u00a0formes complexes avec une pr\u00e9cision. Adapt\u00e9 aux mesures AFNOR .Fabriqu\u00e9 en fibre de verre, robuste et durable qui vous accompagnera pendant de nombreuses ann\u00e9es<strong>.<\/strong><\/li>\n<\/ul>\n","protected":false},"featured_media":615,"comment_status":"closed","ping_status":"closed","template":"","meta":[],"product_cat":[77,79],"product_tag":[],"_links":{"self":[{"href":"https:\/\/misswabor.com\/index.php?rest_route=\/wp\/v2\/product\/523"}],"collection":[{"href":"https:\/\/misswabor.com\/index.php?rest_route=\/wp\/v2\/product"}],"about":[{"href":"https:\/\/misswabor.com\/index.php?rest_route=\/wp\/v2\/types\/product"}],"replies":[{"embeddable":true,"href":"https:\/\/misswabor.com\/index.php?rest_route=%2Fwp%2Fv2%2Fcomments&post=523"}],"wp:featuredmedia":[{"embeddable":true,"href":"https:\/\/misswabor.com\/index.php?rest_route=\/wp\/v2\/media\/615"}],"wp:attachment":[{"href":"https:\/\/misswabor.com\/index.php?rest_route=%2Fwp%2Fv2%2Fmedia&parent=523"}],"wp:term":[{"taxonomy":"product_cat","embeddable":true,"href":"https:\/\/misswabor.com\/index.php?rest_route=%2Fwp%2Fv2%2Fproduct_cat&post=523"},{"taxonomy":"product_tag","embeddable":true,"href":"https:\/\/misswabor.com\/index.php?rest_route=%2Fwp%2Fv2%2Fproduct_tag&post=523"}],"curies":[{"name":"wp","href":"https:\/\/api.w.org\/{rel}","templated":true}]}}