{"id":497,"date":"2019-07-30T15:48:58","date_gmt":"2019-07-30T14:48:58","guid":{"rendered":"https:\/\/misswabor.com\/?post_type=product&#038;p=497"},"modified":"2025-11-26T12:45:53","modified_gmt":"2025-11-26T11:45:53","slug":"femme-1","status":"publish","type":"product","link":"https:\/\/misswabor.com\/?product=femme-1","title":{"rendered":"Mannequin femme de forme corset avec seins d\u00e9gag\u00e9s taille aux choix  sur commande"},"content":{"rendered":"<table style=\"height: 678px;\" width=\"610\">\n<tbody>\n<tr>\n<td colspan=\"5\" width=\"491\"><\/td>\n<\/tr>\n<tr>\n<td width=\"176\">Tailles<\/td>\n<td width=\"79\">Tour de poitrine<\/td>\n<td width=\"70\">Tour de taille<\/td>\n<td width=\"81\">Tour du bassin<\/td>\n<td width=\"76\"><\/td>\n<\/tr>\n<tr>\n<td width=\"176\">38<\/td>\n<td width=\"79\">88<\/td>\n<td width=\"70\">71<\/td>\n<td width=\"81\">96<\/td>\n<td width=\"76\"><\/td>\n<\/tr>\n<tr>\n<td width=\"176\">40<\/td>\n<td width=\"79\">92<\/td>\n<td width=\"70\">75<\/td>\n<td width=\"81\">100<\/td>\n<td width=\"76\"><\/td>\n<\/tr>\n<tr>\n<td width=\"176\">42<\/td>\n<td width=\"79\">96<\/td>\n<td width=\"70\">78\/80<\/td>\n<td width=\"81\">105\/107<\/td>\n<td width=\"76\"><\/td>\n<\/tr>\n<tr>\n<td width=\"176\">44<\/td>\n<td width=\"79\">100<\/td>\n<td width=\"70\">84\/86<\/td>\n<td width=\"81\">110\/112<\/td>\n<td width=\"76\"><\/td>\n<\/tr>\n<tr>\n<td width=\"176\">46<\/td>\n<td width=\"79\">104\/106<\/td>\n<td width=\"70\">86\/88<\/td>\n<td width=\"81\">115\/117<\/td>\n<td width=\"76\"><\/td>\n<\/tr>\n<tr>\n<td width=\"176\">Longueur du bras en mousse<\/td>\n<td width=\"79\">62<\/td>\n<td width=\"70\">62<\/td>\n<td width=\"81\"><\/td>\n<td width=\"76\"><\/td>\n<\/tr>\n<tr>\n<td width=\"176\">Longueur du bras en polyester<\/td>\n<td width=\"79\">62<\/td>\n<td width=\"70\">62<\/td>\n<td width=\"81\"><\/td>\n<td width=\"76\"><\/td>\n<\/tr>\n<tr>\n<td width=\"176\">Support bois<\/td>\n<td width=\"79\">x<\/td>\n<td width=\"70\">x<\/td>\n<td width=\"81\">x<\/td>\n<td width=\"76\"><\/td>\n<\/tr>\n<tr>\n<td width=\"176\">Support en fer<\/td>\n<td width=\"79\">x<\/td>\n<td width=\"70\">x<\/td>\n<td width=\"81\">x<\/td>\n<td width=\"76\"><\/td>\n<\/tr>\n<tr>\n<td width=\"176\">Support inox<\/td>\n<td width=\"79\">x<\/td>\n<td width=\"70\">x<\/td>\n<td width=\"81\">x<\/td>\n<td width=\"76\"><\/td>\n<\/tr>\n<\/tbody>\n<\/table>\n","protected":false},"excerpt":{"rendered":"<p>Miss Wabor mannequin professionnel a \u00a0morphologie actuelle est disponible en plusieurs tailles pour r\u00e9pondre \u00e0 vos besoins sp\u00e9cifiques. Rev\u00eatement en mousse et toile adapt\u00e9 au travail de moulage avec des \u00e9pingles, permettant de cr\u00e9er des mod\u00e8les en\u00a0 \u00a0formes complexes avec une pr\u00e9cision. Fabriqu\u00e9 en fibre de verre, robuste et durable qui vous accompagnera pendant de nombreuses ann\u00e9es<strong>.<\/strong><\/p>\n","protected":false},"featured_media":621,"comment_status":"closed","ping_status":"closed","template":"","meta":[],"product_cat":[77,82,80],"product_tag":[],"_links":{"self":[{"href":"https:\/\/misswabor.com\/index.php?rest_route=\/wp\/v2\/product\/497"}],"collection":[{"href":"https:\/\/misswabor.com\/index.php?rest_route=\/wp\/v2\/product"}],"about":[{"href":"https:\/\/misswabor.com\/index.php?rest_route=\/wp\/v2\/types\/product"}],"replies":[{"embeddable":true,"href":"https:\/\/misswabor.com\/index.php?rest_route=%2Fwp%2Fv2%2Fcomments&post=497"}],"wp:featuredmedia":[{"embeddable":true,"href":"https:\/\/misswabor.com\/index.php?rest_route=\/wp\/v2\/media\/621"}],"wp:attachment":[{"href":"https:\/\/misswabor.com\/index.php?rest_route=%2Fwp%2Fv2%2Fmedia&parent=497"}],"wp:term":[{"taxonomy":"product_cat","embeddable":true,"href":"https:\/\/misswabor.com\/index.php?rest_route=%2Fwp%2Fv2%2Fproduct_cat&post=497"},{"taxonomy":"product_tag","embeddable":true,"href":"https:\/\/misswabor.com\/index.php?rest_route=%2Fwp%2Fv2%2Fproduct_tag&post=497"}],"curies":[{"name":"wp","href":"https:\/\/api.w.org\/{rel}","templated":true}]}}