{"id":496,"date":"2019-07-30T15:48:06","date_gmt":"2019-07-30T14:48:06","guid":{"rendered":"https:\/\/misswabor.com\/?post_type=product&#038;p=496"},"modified":"2024-07-14T21:21:16","modified_gmt":"2024-07-14T20:21:16","slug":"femme-2","status":"publish","type":"product","link":"https:\/\/misswabor.com\/?product=femme-2","title":{"rendered":"Mannequin femme personnalis\u00e9 aux choix sur commande"},"content":{"rendered":"<table style=\"height: 455px;\" width=\"669\">\n<tbody>\n<tr>\n<td colspan=\"13\" width=\"644\">Femme noir<\/td>\n<\/tr>\n<tr>\n<td rowspan=\"2\" width=\"118\">Tableau des mesures<\/td>\n<td colspan=\"3\" width=\"131\">T.36<\/td>\n<td colspan=\"3\" width=\"131\">T.38<\/td>\n<td colspan=\"3\" width=\"132\">T.40<\/td>\n<td colspan=\"3\" width=\"132\">T.42<\/td>\n<\/tr>\n<tr>\n<td width=\"43\"><\/td>\n<td width=\"44\">A<\/td>\n<td width=\"44\">B<\/td>\n<td width=\"44\"><\/td>\n<td width=\"44\">A<\/td>\n<td width=\"44\">B<\/td>\n<td width=\"44\"><\/td>\n<td width=\"44\">A<\/td>\n<td width=\"44\">B<\/td>\n<td width=\"44\"><\/td>\n<td width=\"44\">B<\/td>\n<td width=\"44\">C<\/td>\n<\/tr>\n<tr>\n<td width=\"118\">Tour de poitrine<\/td>\n<td width=\"43\"><\/td>\n<td width=\"44\">84<\/td>\n<td width=\"44\"><\/td>\n<td width=\"44\"><\/td>\n<td width=\"44\">88<\/td>\n<td width=\"44\">90<\/td>\n<td width=\"44\"><\/td>\n<td width=\"44\">92<\/td>\n<td width=\"44\">94<\/td>\n<td width=\"44\"><\/td>\n<td width=\"44\">96<\/td>\n<td width=\"44\">&nbsp;<\/p>\n<p>98<\/p>\n<p>&nbsp;<\/td>\n<\/tr>\n<tr>\n<td width=\"118\">Tour de taille<\/td>\n<td width=\"43\"><\/td>\n<td width=\"44\">66<\/td>\n<td width=\"44\"><\/td>\n<td width=\"44\"><\/td>\n<td width=\"44\">71<\/td>\n<td width=\"44\"><\/td>\n<td width=\"44\"><\/td>\n<td width=\"44\">75<\/td>\n<td width=\"44\"><\/td>\n<td width=\"44\"><\/td>\n<td width=\"44\">76<\/td>\n<td width=\"44\">78<\/p>\n<p>&nbsp;<\/td>\n<\/tr>\n<tr>\n<td width=\"118\">Tour du bassin<\/td>\n<td width=\"43\"><\/td>\n<td width=\"44\">90<\/td>\n<td width=\"44\"><\/td>\n<td width=\"44\"><\/td>\n<td width=\"44\">96<\/td>\n<td width=\"44\">98<\/td>\n<td width=\"44\"><\/td>\n<td width=\"44\">100<\/td>\n<td width=\"44\">102<\/td>\n<td width=\"44\"><\/td>\n<td width=\"44\">105<\/td>\n<td width=\"44\">&nbsp;<\/p>\n<p>107<\/p>\n<p>&nbsp;<\/td>\n<\/tr>\n<\/tbody>\n<\/table>\n","protected":false},"excerpt":{"rendered":"<p>Miss Wabor mannequin professionnel a \u00a0morphologie actuelle est disponible en plusieurs tailles pour r\u00e9pondre \u00e0 vos besoins sp\u00e9cifiques. Rev\u00eatement en mousse et toile adapt\u00e9 au travail de moulage avec des \u00e9pingles, permettant de cr\u00e9er des mod\u00e8les en\u00a0 \u00a0formes complexes avec une pr\u00e9cision. Adapt\u00e9 aux mesures AFNOR .Fabriqu\u00e9 en fibre de verre, robuste et durable qui vous accompagnera pendant de nombreuses ann\u00e9es<strong>.<\/strong><\/p>\n","protected":false},"featured_media":603,"comment_status":"closed","ping_status":"closed","template":"","meta":[],"product_cat":[77,82,80],"product_tag":[],"_links":{"self":[{"href":"https:\/\/misswabor.com\/index.php?rest_route=\/wp\/v2\/product\/496"}],"collection":[{"href":"https:\/\/misswabor.com\/index.php?rest_route=\/wp\/v2\/product"}],"about":[{"href":"https:\/\/misswabor.com\/index.php?rest_route=\/wp\/v2\/types\/product"}],"replies":[{"embeddable":true,"href":"https:\/\/misswabor.com\/index.php?rest_route=%2Fwp%2Fv2%2Fcomments&post=496"}],"wp:featuredmedia":[{"embeddable":true,"href":"https:\/\/misswabor.com\/index.php?rest_route=\/wp\/v2\/media\/603"}],"wp:attachment":[{"href":"https:\/\/misswabor.com\/index.php?rest_route=%2Fwp%2Fv2%2Fmedia&parent=496"}],"wp:term":[{"taxonomy":"product_cat","embeddable":true,"href":"https:\/\/misswabor.com\/index.php?rest_route=%2Fwp%2Fv2%2Fproduct_cat&post=496"},{"taxonomy":"product_tag","embeddable":true,"href":"https:\/\/misswabor.com\/index.php?rest_route=%2Fwp%2Fv2%2Fproduct_tag&post=496"}],"curies":[{"name":"wp","href":"https:\/\/api.w.org\/{rel}","templated":true}]}}