{"id":495,"date":"2019-07-30T15:47:20","date_gmt":"2019-07-30T14:47:20","guid":{"rendered":"https:\/\/misswabor.com\/?post_type=product&#038;p=495"},"modified":"2024-07-14T20:39:55","modified_gmt":"2024-07-14T19:39:55","slug":"femme-3","status":"publish","type":"product","link":"https:\/\/misswabor.com\/?product=femme-3","title":{"rendered":"Mannequin femme de forme sir\u00e8ne taille aux choix sur commande"},"content":{"rendered":"<table width=\"705\">\n<tbody>\n<tr>\n<td colspan=\"7\" width=\"705\">Mannequin femme de forme sir\u00e8ne<\/td>\n<\/tr>\n<tr>\n<td rowspan=\"2\" width=\"218\">Tableau de<strong>s mesures<\/strong><\/td>\n<td colspan=\"3\" width=\"243\"><\/td>\n<td colspan=\"3\" width=\"244\"><\/td>\n<\/tr>\n<tr>\n<td width=\"81\"><strong>S\/36<\/strong><\/td>\n<td width=\"81\"><strong>M\/38<\/strong><\/td>\n<td width=\"82\"><strong>L\/40<\/strong><\/td>\n<td width=\"81\"><strong>XL\/42<\/strong><\/td>\n<td width=\"81\"><strong>XXL\/44<\/strong><\/td>\n<td width=\"82\"><strong>XXXL\/46<\/strong><\/td>\n<\/tr>\n<tr>\n<td width=\"218\"><strong>Tour de poitrine<\/strong><\/td>\n<td width=\"81\"><strong>83<\/strong><\/td>\n<td width=\"81\"><strong>88<\/strong><\/td>\n<td width=\"82\"><strong>92<\/strong><\/td>\n<td width=\"81\"><strong>98<\/strong><\/td>\n<td width=\"81\"><strong>102<\/strong><\/td>\n<td width=\"82\"><strong>106<\/strong><\/td>\n<\/tr>\n<tr>\n<td width=\"218\"><strong>Tour de taille<\/strong><\/td>\n<td width=\"81\"><strong>66<\/strong><\/td>\n<td width=\"81\"><strong>71<\/strong><\/td>\n<td width=\"82\"><strong>75<\/strong><\/td>\n<td width=\"81\"><strong>78<\/strong><\/td>\n<td width=\"81\"><strong>82<\/strong><\/td>\n<td width=\"82\"><strong>86<\/strong><\/td>\n<\/tr>\n<tr>\n<td width=\"218\"><strong>Tour du bassin<\/strong><\/td>\n<td width=\"81\"><strong>90<\/strong><\/td>\n<td width=\"81\"><strong>96<\/strong><\/td>\n<td width=\"82\"><strong>100<\/strong><\/td>\n<td width=\"81\"><strong>105<\/strong><\/td>\n<td width=\"81\"><strong>110<\/strong><\/td>\n<td width=\"82\"><strong>115<\/strong><\/td>\n<\/tr>\n<\/tbody>\n<\/table>\n","protected":false},"excerpt":{"rendered":"<p><strong>\u00a0 Mannequin Miss wabor de vitrine au design \u00e9pur\u00e9 et \u00e0 la silhouette actuelle. Inspir\u00e9e des courbes f\u00e9minines, sa forme sir\u00e8ne conforme aux normes AFNOR met en valeur vos v\u00eatements avec \u00e9l\u00e9gance et raffinement. Dot\u00e9 d&rsquo;un support inox ajustable en hauteur, son pied sculpt\u00e9 en h\u00eatre lui conf\u00e8re une stabilit\u00e9 exceptionnelle, tandis que son rev\u00eatement en toile de jute. Fabriqu\u00e9 en fibre de verre, robuste et durable qui vous accompagnera pendant de nombreuses ann\u00e9es.<\/strong><\/p>\n","protected":false},"featured_media":630,"comment_status":"closed","ping_status":"closed","template":"","meta":[],"product_cat":[77,82,80],"product_tag":[],"_links":{"self":[{"href":"https:\/\/misswabor.com\/index.php?rest_route=\/wp\/v2\/product\/495"}],"collection":[{"href":"https:\/\/misswabor.com\/index.php?rest_route=\/wp\/v2\/product"}],"about":[{"href":"https:\/\/misswabor.com\/index.php?rest_route=\/wp\/v2\/types\/product"}],"replies":[{"embeddable":true,"href":"https:\/\/misswabor.com\/index.php?rest_route=%2Fwp%2Fv2%2Fcomments&post=495"}],"wp:featuredmedia":[{"embeddable":true,"href":"https:\/\/misswabor.com\/index.php?rest_route=\/wp\/v2\/media\/630"}],"wp:attachment":[{"href":"https:\/\/misswabor.com\/index.php?rest_route=%2Fwp%2Fv2%2Fmedia&parent=495"}],"wp:term":[{"taxonomy":"product_cat","embeddable":true,"href":"https:\/\/misswabor.com\/index.php?rest_route=%2Fwp%2Fv2%2Fproduct_cat&post=495"},{"taxonomy":"product_tag","embeddable":true,"href":"https:\/\/misswabor.com\/index.php?rest_route=%2Fwp%2Fv2%2Fproduct_tag&post=495"}],"curies":[{"name":"wp","href":"https:\/\/api.w.org\/{rel}","templated":true}]}}