{"id":18,"date":"2015-11-23T18:49:59","date_gmt":"2015-11-23T17:49:59","guid":{"rendered":"https:\/\/misswabor.com\/?page_id=18"},"modified":"2024-06-25T10:42:58","modified_gmt":"2024-06-25T09:42:58","slug":"contact","status":"publish","type":"page","link":"https:\/\/misswabor.com\/","title":{"rendered":"ACCUEIL"},"content":{"rendered":"<div class=\"wpb-content-wrapper\"><p>[vc_row][vc_column]\n\t\t\t<!-- START Slider 2 REVOLUTION SLIDER 6.7.5 --><p class=\"rs-p-wp-fix\"><\/p>\n\t\t\t<rs-module-wrap id=\"rev_slider_1_1_wrapper\" data-source=\"gallery\" style=\"visibility:hidden;background:transparent;padding:0;margin:0px auto;margin-top:0;margin-bottom:0;\">\n\t\t\t\t<rs-module id=\"rev_slider_1_1\" style=\"\" data-version=\"6.7.5\">\n\t\t\t\t\t<rs-slides style=\"overflow: hidden; position: absolute;\">\n\t\t\t\t\t\t<rs-slide style=\"position: absolute;\" data-key=\"rs-1\" data-title=\"Slide\" data-thumb=\"\/\/misswabor.com\/wp-content\/uploads\/2017\/02\/slider-1-50x100.jpg\" data-in=\"o:0;\" data-out=\"a:false;\">\n\t\t\t\t\t\t\t<img decoding=\"async\" src=\"\/\/misswabor.com\/wp-content\/plugins\/revsliderOLD\/sr6\/assets\/assets\/dummy.png\" alt=\"\" title=\"slider-1\" width=\"1600\" height=\"500\" class=\"rev-slidebg tp-rs-img rs-lazyload\" data-lazyload=\"\/\/misswabor.com\/wp-content\/uploads\/2017\/02\/slider-1.jpg\" data-bg=\"p:center top;\" data-no-retina>\n<!---->\t\t\t\t\t<\/rs-slide>\n\t\t\t\t\t\t<rs-slide style=\"position: absolute;\" data-key=\"rs-2\" data-title=\"Slide\" data-thumb=\"\/\/misswabor.com\/wp-content\/uploads\/2017\/02\/slider-2-50x100.jpg\" data-in=\"o:0;\" data-out=\"a:false;\">\n\t\t\t\t\t\t\t<img decoding=\"async\" src=\"\/\/misswabor.com\/wp-content\/plugins\/revsliderOLD\/sr6\/assets\/assets\/dummy.png\" alt=\"\" title=\"slider-2\" width=\"1600\" height=\"500\" class=\"rev-slidebg tp-rs-img rs-lazyload\" data-lazyload=\"\/\/misswabor.com\/wp-content\/uploads\/2017\/02\/slider-2.jpg\" data-bg=\"p:center top;\" data-no-retina>\n<!---->\t\t\t\t\t<\/rs-slide>\n\t\t\t\t\t\t<rs-slide style=\"position: absolute;\" data-key=\"rs-3\" data-title=\"Slide\" data-thumb=\"\/\/misswabor.com\/wp-content\/uploads\/revslider\/slider-2\/2013-50x100.jpg\" data-in=\"o:0;\" data-out=\"a:false;\">\n\t\t\t\t\t\t\t<img decoding=\"async\" src=\"\/\/misswabor.com\/wp-content\/plugins\/revsliderOLD\/sr6\/assets\/assets\/dummy.png\" alt=\"\" title=\"ACCUEIL\" class=\"rev-slidebg tp-rs-img rs-lazyload\" data-lazyload=\"\/\/misswabor.com\/wp-content\/uploads\/revslider\/slider-2\/2013.jpg\" data-bg=\"p:center top;\" data-no-retina>\n<!---->\t\t\t\t\t<\/rs-slide>\n\t\t\t\t\t<\/rs-slides>\n\t\t\t\t<\/rs-module>\n\t\t\t\t<script>\n\t\t\t\t\tsetREVStartSize({c: 'rev_slider_1_1',rl:[1240,1024,778,480],el:[400],gw:[1240],gh:[400],type:'standard',justify:'',layout:'fullwidth',mh:\"0\"});if (window.RS_MODULES!==undefined && window.RS_MODULES.modules!==undefined && window.RS_MODULES.modules[\"revslider11\"]!==undefined) {window.RS_MODULES.modules[\"revslider11\"].once = false;window.revapi1 = undefined;if (window.RS_MODULES.checkMinimal!==undefined) window.RS_MODULES.checkMinimal()}\n\t\t\t\t<\/script>\n\t\t\t<\/rs-module-wrap>\n\t\t\t<!-- END REVOLUTION SLIDER -->\n[\/vc_column][\/vc_row][vc_row][vc_column][vc_column_text]<img loading=\"lazy\" decoding=\"async\" class=\"wp-image-259 size-medium alignleft\" src=\"https:\/\/misswabor.com\/wp-content\/uploads\/2016\/06\/femme-2-200x300.jpg\" alt=\"\" width=\"200\" height=\"300\" srcset=\"https:\/\/misswabor.com\/wp-content\/uploads\/2016\/06\/femme-2-200x300.jpg 200w, https:\/\/misswabor.com\/wp-content\/uploads\/2016\/06\/femme-2.jpg 600w\" sizes=\"(max-width: 200px) 100vw, 200px\" \/><\/p>\n<p>Miss Wabor, mannequin professionnel \u00e0\u00a0 morphologie actuelle\u00a0 fabriqu\u00e9 en deux variantes de formes plate et ronde, respectant les mesures AFNOR\u00a0, support Inox \u00e0 hauteur variable, pied sculpt\u00e9 en h\u00eatre, rev\u00eatement en toile am\u00e9ricaine \u00e9crue,\u00a0 conception robuste et lavable, possibilit\u00e9 de fabrication sur mesure, disponible en 3 s\u00e9ries\u00a0 Homme ,Femme et Enfant en diff\u00e9rents mod\u00e8les.<br \/>\n<img loading=\"lazy\" decoding=\"async\" class=\"alignright wp-image-275 size-medium\" src=\"https:\/\/misswabor.com\/wp-content\/uploads\/2016\/06\/homme-2-200x300.jpg\" alt=\"\" width=\"200\" height=\"300\" srcset=\"https:\/\/misswabor.com\/wp-content\/uploads\/2016\/06\/homme-2-200x300.jpg 200w, https:\/\/misswabor.com\/wp-content\/uploads\/2016\/06\/homme-2.jpg 600w\" sizes=\"(max-width: 200px) 100vw, 200px\" \/><\/p>\n<p><strong>Cat\u00e9gories :<\/strong><br \/>\n\u2022 Mannequin femme pour les showrooms en couleurs existe en toutes tailles du 36 au 48 .<br \/>\n\u2022 Mannequin femme pour les showrooms en couleurs existe en tailles du 46,48 et 50.<br \/>\n\u2022 Mannequin femme sp\u00e9cial atelier pour moulage existe en noir ou blanc en toutes tailles du 36 au 48<br \/>\n\u2022 Mannequin femme avec jambes ou demi \u2013jambes existe en noir ou blanc en taille 38 et 40.<br \/>\n\u2022 Mannequin enfant pour atelier ou vitrine en blanc ou en couleurs toutes tailles :<br \/>\n-Babys : 6, 12 et 24 mois.<br \/>\n&#8211; Enfants : 2 , 4, 6, 8,10 et 12ans<br \/>\n\u2022 Mannequin en miniature pour la pr\u00e9sentation de collection[\/vc_column_text][\/vc_column][\/vc_row]<\/p>\n<\/div>","protected":false},"excerpt":{"rendered":"<p>[vc_row][vc_column][\/vc_column][\/vc_row][vc_row][vc_column][vc_column_text] Miss Wabor, mannequin professionnel \u00e0\u00a0 morphologie actuelle\u00a0 fabriqu\u00e9 en deux variantes de formes plate et ronde, respectant les mesures AFNOR\u00a0, support Inox \u00e0 hauteur variable,<span class=\"excerpt-hellip\"> [\u2026]<\/span><\/p>\n","protected":false},"author":1,"featured_media":0,"parent":0,"menu_order":0,"comment_status":"closed","ping_status":"closed","template":"","meta":{"footnotes":""},"_links":{"self":[{"href":"https:\/\/misswabor.com\/index.php?rest_route=\/wp\/v2\/pages\/18"}],"collection":[{"href":"https:\/\/misswabor.com\/index.php?rest_route=\/wp\/v2\/pages"}],"about":[{"href":"https:\/\/misswabor.com\/index.php?rest_route=\/wp\/v2\/types\/page"}],"author":[{"embeddable":true,"href":"https:\/\/misswabor.com\/index.php?rest_route=\/wp\/v2\/users\/1"}],"replies":[{"embeddable":true,"href":"https:\/\/misswabor.com\/index.php?rest_route=%2Fwp%2Fv2%2Fcomments&post=18"}],"version-history":[{"count":18,"href":"https:\/\/misswabor.com\/index.php?rest_route=\/wp\/v2\/pages\/18\/revisions"}],"predecessor-version":[{"id":755,"href":"https:\/\/misswabor.com\/index.php?rest_route=\/wp\/v2\/pages\/18\/revisions\/755"}],"wp:attachment":[{"href":"https:\/\/misswabor.com\/index.php?rest_route=%2Fwp%2Fv2%2Fmedia&parent=18"}],"curies":[{"name":"wp","href":"https:\/\/api.w.org\/{rel}","templated":true}]}}