{"id":16,"date":"2015-11-23T18:49:38","date_gmt":"2015-11-23T17:49:38","guid":{"rendered":"https:\/\/misswabor.com\/?page_id=16"},"modified":"2019-08-03T12:36:47","modified_gmt":"2019-08-03T11:36:47","slug":"pieces-uniques","status":"publish","type":"page","link":"https:\/\/misswabor.com\/?page_id=16","title":{"rendered":"BUSTES ATELIER"},"content":{"rendered":"<div class=\"wpb-content-wrapper\"><p>[vc_row el_class=\u00a0\u00bbpddng\u00a0\u00bb][vc_column][vc_column_text]Miss Wabor, mannequin professionnel \u00e0\u00a0 morphologie actuelle , respectant les mesures AFNOR\u00a0, support Inox \u00e0 hauteur variable, pied sculpt\u00e9 en h\u00eatre, rev\u00eatement en toile am\u00e9ricaine \u00e9crue,\u00a0 conception robuste et lavable, possibilit\u00e9 de fabrication sur mesure[\/vc_column_text][\/vc_column][\/vc_row][vc_row el_class=\u00a0\u00bbpddng\u00a0\u00bb][vc_column][vc_basic_grid post_type=\u00a0\u00bbproduct\u00a0\u00bb max_items=\u00a0\u00bb10&Prime; style=\u00a0\u00bbload-more\u00a0\u00bb show_filter=\u00a0\u00bbyes\u00a0\u00bb element_width=\u00a0\u00bb3&Prime; gap=\u00a0\u00bb15&Prime; item=\u00a0\u00bbbasicGrid_SlideBottomWithIcon\u00a0\u00bb btn_color=\u00a0\u00bbdefault\u00a0\u00bb grid_id=\u00a0\u00bbvc_gid:1564832141866-9af1749b-c849-5&Prime; filter_source=\u00a0\u00bbproduct_cat\u00a0\u00bb taxonomies=\u00a0\u00bb82&Prime; exclude_filter=\u00a0\u00bb77, 82, 86, 83&Prime;][\/vc_column][\/vc_row][vc_row disable_element=\u00a0\u00bbyes\u00a0\u00bb][vc_column][vc_column_text][waving tag=\u00a0\u00bbatelier\u00a0\u00bb theme=\u00a0\u00bblight\u00a0\u00bb width=\u00a0\u00bb200&Prime; showCat=\u00a0\u00bbtrue\u00a0\u00bb clicking=\u00a0\u00bbtrue\u00a0\u00bb all=\u00a0\u00bbtrue\u00a0\u00bb ][\/vc_column_text][\/vc_column][\/vc_row]<\/p>\n<\/div>","protected":false},"excerpt":{"rendered":"<p>[vc_row el_class=\u00a0\u00bbpddng\u00a0\u00bb][vc_column][vc_column_text]Miss Wabor, mannequin professionnel \u00e0\u00a0 morphologie actuelle , respectant les mesures AFNOR\u00a0, support Inox \u00e0 hauteur variable, pied sculpt\u00e9 en h\u00eatre, rev\u00eatement en toile am\u00e9ricaine<span class=\"excerpt-hellip\"> [\u2026]<\/span><\/p>\n","protected":false},"author":1,"featured_media":0,"parent":0,"menu_order":0,"comment_status":"closed","ping_status":"closed","template":"template-homepage.php","meta":{"footnotes":""},"_links":{"self":[{"href":"https:\/\/misswabor.com\/index.php?rest_route=\/wp\/v2\/pages\/16"}],"collection":[{"href":"https:\/\/misswabor.com\/index.php?rest_route=\/wp\/v2\/pages"}],"about":[{"href":"https:\/\/misswabor.com\/index.php?rest_route=\/wp\/v2\/types\/page"}],"author":[{"embeddable":true,"href":"https:\/\/misswabor.com\/index.php?rest_route=\/wp\/v2\/users\/1"}],"replies":[{"embeddable":true,"href":"https:\/\/misswabor.com\/index.php?rest_route=%2Fwp%2Fv2%2Fcomments&post=16"}],"version-history":[{"count":43,"href":"https:\/\/misswabor.com\/index.php?rest_route=\/wp\/v2\/pages\/16\/revisions"}],"predecessor-version":[{"id":537,"href":"https:\/\/misswabor.com\/index.php?rest_route=\/wp\/v2\/pages\/16\/revisions\/537"}],"wp:attachment":[{"href":"https:\/\/misswabor.com\/index.php?rest_route=%2Fwp%2Fv2%2Fmedia&parent=16"}],"curies":[{"name":"wp","href":"https:\/\/api.w.org\/{rel}","templated":true}]}}